{"id":679,"date":"2024-02-26T10:03:58","date_gmt":"2024-02-26T09:03:58","guid":{"rendered":"https:\/\/la-boerne.fr\/?page_id=679"},"modified":"2024-07-02T11:25:02","modified_gmt":"2024-07-02T09:25:02","slug":"armand-charlet","status":"publish","type":"page","link":"https:\/\/la-boerne.fr\/en\/armand-charlet\/","title":{"rendered":"Armand Charlet"},"content":{"rendered":"<div data-elementor-type=\"wp-page\" data-elementor-id=\"679\" class=\"elementor elementor-679\" data-elementor-post-type=\"page\">\n\t\t\t\t<div class=\"elementor-element elementor-element-8c10ec9 e-flex e-con-boxed e-con e-parent\" data-id=\"8c10ec9\" data-element_type=\"container\" data-settings=\"{&quot;background_background&quot;:&quot;classic&quot;}\">\n\t\t\t\t\t<div class=\"e-con-inner\">\n\t\t<div class=\"elementor-element elementor-element-59e759c e-flex e-con-boxed e-con e-child\" data-id=\"59e759c\" data-element_type=\"container\" data-settings=\"{&quot;background_background&quot;:&quot;classic&quot;}\">\n\t\t\t\t\t<div class=\"e-con-inner\">\n\t\t\t\t<div class=\"elementor-element elementor-element-0b24ab9 e-transform elementor-widget elementor-widget-image\" data-id=\"0b24ab9\" data-element_type=\"widget\" data-settings=\"{&quot;_transform_rotateZ_effect&quot;:{&quot;unit&quot;:&quot;px&quot;,&quot;size&quot;:-31,&quot;sizes&quot;:[]},&quot;_transform_rotateZ_effect_tablet&quot;:{&quot;unit&quot;:&quot;deg&quot;,&quot;size&quot;:&quot;&quot;,&quot;sizes&quot;:[]},&quot;_transform_rotateZ_effect_mobile&quot;:{&quot;unit&quot;:&quot;deg&quot;,&quot;size&quot;:&quot;&quot;,&quot;sizes&quot;:[]}}\" data-widget_type=\"image.default\">\n\t\t\t\t<div class=\"elementor-widget-container\">\n\t\t\t<style>\/*! elementor - v3.23.0 - 05-08-2024 *\/\n.elementor-widget-image{text-align:center}.elementor-widget-image a{display:inline-block}.elementor-widget-image a img[src$=\".svg\"]{width:48px}.elementor-widget-image img{vertical-align:middle;display:inline-block}<\/style>\t\t\t\t\t\t\t\t\t\t<img fetchpriority=\"high\" decoding=\"async\" width=\"299\" height=\"280\" src=\"https:\/\/la-boerne.fr\/wp-content\/uploads\/2024\/02\/Piolet.png\" class=\"attachment-large size-large wp-image-97\" alt=\"\" \/>\t\t\t\t\t\t\t\t\t\t\t\t\t<\/div>\n\t\t\t\t<\/div>\n\t\t\t\t<div class=\"elementor-element elementor-element-ddbf54d elementor-widget elementor-widget-heading\" data-id=\"ddbf54d\" data-element_type=\"widget\" data-widget_type=\"heading.default\">\n\t\t\t\t<div class=\"elementor-widget-container\">\n\t\t\t<style>\/*! elementor - v3.23.0 - 05-08-2024 *\/\n.elementor-heading-title{padding:0;margin:0;line-height:1}.elementor-widget-heading .elementor-heading-title[class*=elementor-size-]>a{color:inherit;font-size:inherit;line-height:inherit}.elementor-widget-heading .elementor-heading-title.elementor-size-small{font-size:15px}.elementor-widget-heading .elementor-heading-title.elementor-size-medium{font-size:19px}.elementor-widget-heading .elementor-heading-title.elementor-size-large{font-size:29px}.elementor-widget-heading .elementor-heading-title.elementor-size-xl{font-size:39px}.elementor-widget-heading .elementor-heading-title.elementor-size-xxl{font-size:59px}<\/style><h2 class=\"elementor-heading-title elementor-size-default\">In the footsteps of Armand Charlet\n<\/h2>\t\t<\/div>\n\t\t\t\t<\/div>\n\t\t\t\t<div class=\"elementor-element elementor-element-df3f05d elementor-widget elementor-widget-text-editor\" data-id=\"df3f05d\" data-element_type=\"widget\" data-widget_type=\"text-editor.default\">\n\t\t\t\t<div class=\"elementor-widget-container\">\n\t\t\t<style>\/*! elementor - v3.23.0 - 05-08-2024 *\/\n.elementor-widget-text-editor.elementor-drop-cap-view-stacked .elementor-drop-cap{background-color:#69727d;color:#fff}.elementor-widget-text-editor.elementor-drop-cap-view-framed .elementor-drop-cap{color:#69727d;border:3px solid;background-color:transparent}.elementor-widget-text-editor:not(.elementor-drop-cap-view-default) .elementor-drop-cap{margin-top:8px}.elementor-widget-text-editor:not(.elementor-drop-cap-view-default) .elementor-drop-cap-letter{width:1em;height:1em}.elementor-widget-text-editor .elementor-drop-cap{float:left;text-align:center;line-height:1;font-size:50px}.elementor-widget-text-editor .elementor-drop-cap-letter{display:inline-block}<\/style>\t\t\t\t<p>Stopping at the Auberge de la Boerne means experiencing immersion in the secret garden of Armand Charlet, the famous Chamoniard mountaineer.<\/p>\t\t\t\t\t\t<\/div>\n\t\t\t\t<\/div>\n\t\t\t\t\t<\/div>\n\t\t\t\t<\/div>\n\t\t\t\t\t<\/div>\n\t\t\t\t<\/div>\n\t\t<div class=\"elementor-element elementor-element-b58d69a e-grid e-con-boxed e-con e-parent\" data-id=\"b58d69a\" data-element_type=\"container\">\n\t\t\t\t\t<div class=\"e-con-inner\">\n\t\t<div class=\"elementor-element elementor-element-1219966 e-con-full e-flex e-con e-child\" data-id=\"1219966\" data-element_type=\"container\" data-settings=\"{&quot;background_background&quot;:&quot;classic&quot;}\">\n\t\t\t\t<div class=\"elementor-element elementor-element-dcb349b elementor-widget elementor-widget-image\" data-id=\"dcb349b\" data-element_type=\"widget\" data-widget_type=\"image.default\">\n\t\t\t\t<div class=\"elementor-widget-container\">\n\t\t\t\t\t\t\t\t\t\t\t\t\t<img decoding=\"async\" width=\"180\" height=\"121\" src=\"https:\/\/la-boerne.fr\/wp-content\/uploads\/2024\/02\/Montagne.svg\" class=\"attachment-large size-large wp-image-693\" alt=\"\" \/>\t\t\t\t\t\t\t\t\t\t\t\t\t<\/div>\n\t\t\t\t<\/div>\n\t\t\t\t<div class=\"elementor-element elementor-element-da72977 elementor-widget elementor-widget-text-editor\" data-id=\"da72977\" data-element_type=\"widget\" data-widget_type=\"text-editor.default\">\n\t\t\t\t<div class=\"elementor-widget-container\">\n\t\t\t\t\t\t\t<p>Charlet is an emblematic guide born at the beginning of the 20th century, he is also a man with a strong character and above all one of the outstanding figures of inter-war mountaineering, considered the one of the most talented of his generation. An incredible record of first ascents, notably at the Aiguille Verte which he particularly liked, the Petit Capucin (3,425 m), the Trident du Chardonnet (3,500m) alongside his comrades Camille Devouassoux and Roger Frison-Roche or even the The needle of Gr\u00e9pon, Bionnassay or those of Diable\u2026 Armand Charlet has accompanied over 3,000 climbs and 12,000 clients as a guide throughout his career. Without forgetting his exemplary career at ENSA (National School of Skiing and Mountaineering) as a teacher where he trained generations and generations of guides. An existence of passion for the mountains led with beating drums with an immutable heart refuge: La Boerne, his farm.<\/p>\t\t\t\t\t\t<\/div>\n\t\t\t\t<\/div>\n\t\t\t\t<div class=\"elementor-element elementor-element-abc808c elementor-widget elementor-widget-heading\" data-id=\"abc808c\" data-element_type=\"widget\" data-widget_type=\"heading.default\">\n\t\t\t\t<div class=\"elementor-widget-container\">\n\t\t\t<h2 class=\"elementor-heading-title elementor-size-default\">A family story\n\n<\/h2>\t\t<\/div>\n\t\t\t\t<\/div>\n\t\t\t\t<div class=\"elementor-element elementor-element-558d99d elementor-widget elementor-widget-text-editor\" data-id=\"558d99d\" data-element_type=\"widget\" data-widget_type=\"text-editor.default\">\n\t\t\t\t<div class=\"elementor-widget-container\">\n\t\t\t\t\t\t\t<p>Built in the 18th century, La Boerne was a typical alpine farm belonging to the Charlet family. At the time, cows grazed in this green mountain pasture, nestled between the Col des Montets and the Aiguille Verte. Over the years, the farm has become a g\u00eete. Armand thus began to welcome his customers in a friendly manner for well-deserved breaks between two memorable climbs.<\/p>\t\t\t\t\t\t<\/div>\n\t\t\t\t<\/div>\n\t\t\t\t<\/div>\n\t\t<div class=\"elementor-element elementor-element-a2b1018 e-con-full e-flex e-con e-child\" data-id=\"a2b1018\" data-element_type=\"container\" data-settings=\"{&quot;background_background&quot;:&quot;classic&quot;}\">\n\t\t\t\t<\/div>\n\t\t\t\t\t<\/div>\n\t\t\t\t<\/div>\n\t\t<div class=\"elementor-element elementor-element-51f5bb1 e-grid e-con-boxed e-con e-parent\" data-id=\"51f5bb1\" data-element_type=\"container\">\n\t\t\t\t\t<div class=\"e-con-inner\">\n\t\t<div class=\"elementor-element elementor-element-92eabba e-flex e-con-boxed e-con e-child\" data-id=\"92eabba\" data-element_type=\"container\" data-settings=\"{&quot;background_background&quot;:&quot;classic&quot;}\">\n\t\t\t\t\t<div class=\"e-con-inner\">\n\t\t\t\t\t<\/div>\n\t\t\t\t<\/div>\n\t\t<div class=\"elementor-element elementor-element-e4c55ae e-flex e-con-boxed e-con e-child\" data-id=\"e4c55ae\" data-element_type=\"container\" data-settings=\"{&quot;background_background&quot;:&quot;classic&quot;}\">\n\t\t\t\t\t<div class=\"e-con-inner\">\n\t\t\t\t\t<\/div>\n\t\t\t\t<\/div>\n\t\t\t\t\t<\/div>\n\t\t\t\t<\/div>\n\t\t<div class=\"elementor-element elementor-element-d1a2994 e-grid e-con-boxed e-con e-parent\" data-id=\"d1a2994\" data-element_type=\"container\">\n\t\t\t\t\t<div class=\"e-con-inner\">\n\t\t<div class=\"elementor-element elementor-element-f48c3dd e-con-full e-flex e-con e-child\" data-id=\"f48c3dd\" data-element_type=\"container\" data-settings=\"{&quot;background_background&quot;:&quot;classic&quot;}\">\n\t\t\t\t<\/div>\n\t\t<div class=\"elementor-element elementor-element-87e3208 e-con-full e-flex e-con e-child\" data-id=\"87e3208\" data-element_type=\"container\" data-settings=\"{&quot;background_background&quot;:&quot;classic&quot;}\">\n\t\t\t\t<div class=\"elementor-element elementor-element-a293093 elementor-widget elementor-widget-heading\" data-id=\"a293093\" data-element_type=\"widget\" data-widget_type=\"heading.default\">\n\t\t\t\t<div class=\"elementor-widget-container\">\n\t\t\t<h2 class=\"elementor-heading-title elementor-size-default\">The transformation\n\n<\/h2>\t\t<\/div>\n\t\t\t\t<\/div>\n\t\t\t\t<div class=\"elementor-element elementor-element-d0d223e elementor-widget elementor-widget-text-editor\" data-id=\"d0d223e\" data-element_type=\"widget\" data-widget_type=\"text-editor.default\">\n\t\t\t\t<div class=\"elementor-widget-container\">\n\t\t\t\t\t\t\t<p>In 1982, Gilbert Mugnier, Armand Charlet&#039;s grandson and mountain guide, decided to take over the family farm to accommodate the growing number of hikers in the valley. He is the first to come and live in the village all year round, a village that he particularly likes for its calm and its spectacular preserved landscapes. Tr\u00e9lechamps (meaning \u201cacross fields\u201d) is a unique village, built under the Piz rock which naturally protects it from avalanches. Since 2018, Julien and Justine have been the friendly guardians of the Boerne and will be happy to welcome you to make you experience unforgettable moments in this place steeped in history!<\/p>\t\t\t\t\t\t<\/div>\n\t\t\t\t<\/div>\n\t\t\t\t<div class=\"elementor-element elementor-element-ae8616b elementor-widget elementor-widget-heading\" data-id=\"ae8616b\" data-element_type=\"widget\" data-widget_type=\"heading.default\">\n\t\t\t\t<div class=\"elementor-widget-container\">\n\t\t\t<h2 class=\"elementor-heading-title elementor-size-default\">Today\n\n<\/h2>\t\t<\/div>\n\t\t\t\t<\/div>\n\t\t\t\t<div class=\"elementor-element elementor-element-23fb8fb elementor-widget elementor-widget-text-editor\" data-id=\"23fb8fb\" data-element_type=\"widget\" data-widget_type=\"text-editor.default\">\n\t\t\t\t<div class=\"elementor-widget-container\">\n\t\t\t\t\t\t\t<p>A timeless experience is offered to you, plus the comfort of our times! Here, it is as if time were suspended somewhere between the 18th century and the end of the 19th century, the atmosphere is warm and the generous cuisine gives pride of place to the tasty dishes of our region. The hardest part at the Auberge de la Boerne: it&#039;s leaving again... you&#039;ve been warned!<\/p>\t\t\t\t\t\t<\/div>\n\t\t\t\t<\/div>\n\t\t\t\t<\/div>\n\t\t\t\t\t<\/div>\n\t\t\t\t<\/div>\n\t\t\t\t<\/div>","protected":false},"excerpt":{"rendered":"<p>In the footsteps of Armand Charlet Stopping at the Auberge de la Boerne means experiencing immersion in the secret garden of Armand Charlet, the famous Chamoniard mountaineer. Charlet is an emblematic guide born at the beginning of the 20th century, he is also a man with a strong character and above all one of the outstanding figures of mountaineering [\u2026]<\/p>","protected":false},"author":2,"featured_media":0,"parent":0,"menu_order":0,"comment_status":"closed","ping_status":"closed","template":"","meta":{"footnotes":""},"class_list":["post-679","page","type-page","status-publish","hentry"],"yoast_head":"<!-- This site is optimized with the Yoast SEO plugin v23.3 - https:\/\/yoast.com\/wordpress\/plugins\/seo\/ -->\n<title>Armand Charlet - La Boerne - Table et Auberge<\/title>\n<meta name=\"robots\" content=\"index, follow, max-snippet:-1, max-image-preview:large, max-video-preview:-1\" \/>\n<link rel=\"canonical\" href=\"https:\/\/la-boerne.fr\/en\/armand-charlet\/\" \/>\n<meta property=\"og:locale\" content=\"en_GB\" \/>\n<meta property=\"og:type\" content=\"article\" \/>\n<meta property=\"og:title\" content=\"Armand Charlet - La Boerne - Table et Auberge\" \/>\n<meta property=\"og:description\" content=\"Sur les traces d\u2019Armand Charlet Faire une halte \u00e0 l\u2019Auberge de la Boerne, c\u2019est faire l\u2019exp\u00e9rience d\u2019une immersion dans le jardin secret d\u2019Armand Charlet, le c\u00e9l\u00e8bre alpiniste Chamoniard. Charlet, c\u2019est un guide embl\u00e9matique n\u00e9 au d\u00e9but du XX\u00e8me si\u00e8cle, c\u2019est aussi un homme au caract\u00e8re bien tremp\u00e9 et surtout l\u2019une des figures marquantes de l\u2019alpinisme [&hellip;]\" \/>\n<meta property=\"og:url\" content=\"https:\/\/la-boerne.fr\/en\/armand-charlet\/\" \/>\n<meta property=\"og:site_name\" content=\"La Boerne - Table et Auberge\" \/>\n<meta property=\"article:publisher\" content=\"https:\/\/www.facebook.com\/giteaubergelaboerne\/\" \/>\n<meta property=\"article:modified_time\" content=\"2024-07-02T09:25:02+00:00\" \/>\n<meta property=\"og:image\" content=\"https:\/\/la-boerne.fr\/wp-content\/uploads\/2024\/02\/Piolet.png\" \/>\n<meta name=\"twitter:card\" content=\"summary_large_image\" \/>\n<meta name=\"twitter:label1\" content=\"Estimated reading time\" \/>\n\t<meta name=\"twitter:data1\" content=\"3 minutes\" \/>\n<script type=\"application\/ld+json\" class=\"yoast-schema-graph\">{\"@context\":\"https:\/\/schema.org\",\"@graph\":[{\"@type\":\"WebPage\",\"@id\":\"https:\/\/la-boerne.fr\/armand-charlet\/\",\"url\":\"https:\/\/la-boerne.fr\/armand-charlet\/\",\"name\":\"Armand Charlet - La Boerne - Table et Auberge\",\"isPartOf\":{\"@id\":\"https:\/\/la-boerne.fr\/#website\"},\"primaryImageOfPage\":{\"@id\":\"https:\/\/la-boerne.fr\/armand-charlet\/#primaryimage\"},\"image\":{\"@id\":\"https:\/\/la-boerne.fr\/armand-charlet\/#primaryimage\"},\"thumbnailUrl\":\"https:\/\/la-boerne.fr\/wp-content\/uploads\/2024\/02\/Piolet.png\",\"datePublished\":\"2024-02-26T09:03:58+00:00\",\"dateModified\":\"2024-07-02T09:25:02+00:00\",\"breadcrumb\":{\"@id\":\"https:\/\/la-boerne.fr\/armand-charlet\/#breadcrumb\"},\"inLanguage\":\"en-GB\",\"potentialAction\":[{\"@type\":\"ReadAction\",\"target\":[\"https:\/\/la-boerne.fr\/armand-charlet\/\"]}]},{\"@type\":\"ImageObject\",\"inLanguage\":\"en-GB\",\"@id\":\"https:\/\/la-boerne.fr\/armand-charlet\/#primaryimage\",\"url\":\"https:\/\/la-boerne.fr\/wp-content\/uploads\/2024\/02\/Piolet.png\",\"contentUrl\":\"https:\/\/la-boerne.fr\/wp-content\/uploads\/2024\/02\/Piolet.png\"},{\"@type\":\"BreadcrumbList\",\"@id\":\"https:\/\/la-boerne.fr\/armand-charlet\/#breadcrumb\",\"itemListElement\":[{\"@type\":\"ListItem\",\"position\":1,\"name\":\"Accueil\",\"item\":\"https:\/\/la-boerne.fr\/\"},{\"@type\":\"ListItem\",\"position\":2,\"name\":\"Armand Charlet\"}]},{\"@type\":\"WebSite\",\"@id\":\"https:\/\/la-boerne.fr\/#website\",\"url\":\"https:\/\/la-boerne.fr\/\",\"name\":\"La Boerne - Refuge, Table et Auberge\",\"description\":\"Tr\u00e9lechamps - Vall\u00e9e de Chamonix\",\"publisher\":{\"@id\":\"https:\/\/la-boerne.fr\/#organization\"},\"potentialAction\":[{\"@type\":\"SearchAction\",\"target\":{\"@type\":\"EntryPoint\",\"urlTemplate\":\"https:\/\/la-boerne.fr\/?s={search_term_string}\"},\"query-input\":\"required name=search_term_string\"}],\"inLanguage\":\"en-GB\"},{\"@type\":\"Organization\",\"@id\":\"https:\/\/la-boerne.fr\/#organization\",\"name\":\"La Boerne\",\"url\":\"https:\/\/la-boerne.fr\/\",\"logo\":{\"@type\":\"ImageObject\",\"inLanguage\":\"en-GB\",\"@id\":\"https:\/\/la-boerne.fr\/#\/schema\/logo\/image\/\",\"url\":\"https:\/\/la-boerne.fr\/wp-content\/uploads\/2024\/02\/Boerne-Logo-Fixe.svg\",\"contentUrl\":\"https:\/\/la-boerne.fr\/wp-content\/uploads\/2024\/02\/Boerne-Logo-Fixe.svg\",\"width\":446,\"height\":274,\"caption\":\"La Boerne\"},\"image\":{\"@id\":\"https:\/\/la-boerne.fr\/#\/schema\/logo\/image\/\"},\"sameAs\":[\"https:\/\/www.facebook.com\/giteaubergelaboerne\/\",\"https:\/\/www.instagram.com\/aubergelaboerne\",\"https:\/\/www.tripadvisor.fr\/Hotel_Review-g1234266-d6876874-Reviews-Auberge_La_Boerne-Argentiere_Chamonix_Haute_Savoie_Auvergne_Rhone_Alpes.html?m=19905\"]}]}<\/script>\n<!-- \/ Yoast SEO plugin. -->","yoast_head_json":{"title":"Armand Charlet - La Boerne - Table et Auberge","robots":{"index":"index","follow":"follow","max-snippet":"max-snippet:-1","max-image-preview":"max-image-preview:large","max-video-preview":"max-video-preview:-1"},"canonical":"https:\/\/la-boerne.fr\/en\/armand-charlet\/","og_locale":"en_GB","og_type":"article","og_title":"Armand Charlet - La Boerne - Table et Auberge","og_description":"Sur les traces d\u2019Armand Charlet Faire une halte \u00e0 l\u2019Auberge de la Boerne, c\u2019est faire l\u2019exp\u00e9rience d\u2019une immersion dans le jardin secret d\u2019Armand Charlet, le c\u00e9l\u00e8bre alpiniste Chamoniard. Charlet, c\u2019est un guide embl\u00e9matique n\u00e9 au d\u00e9but du XX\u00e8me si\u00e8cle, c\u2019est aussi un homme au caract\u00e8re bien tremp\u00e9 et surtout l\u2019une des figures marquantes de l\u2019alpinisme [&hellip;]","og_url":"https:\/\/la-boerne.fr\/en\/armand-charlet\/","og_site_name":"La Boerne - Table et Auberge","article_publisher":"https:\/\/www.facebook.com\/giteaubergelaboerne\/","article_modified_time":"2024-07-02T09:25:02+00:00","og_image":[{"url":"https:\/\/la-boerne.fr\/wp-content\/uploads\/2024\/02\/Piolet.png"}],"twitter_card":"summary_large_image","twitter_misc":{"Estimated reading time":"3 minutes"},"schema":{"@context":"https:\/\/schema.org","@graph":[{"@type":"WebPage","@id":"https:\/\/la-boerne.fr\/armand-charlet\/","url":"https:\/\/la-boerne.fr\/armand-charlet\/","name":"Armand Charlet - La Boerne - Table et Auberge","isPartOf":{"@id":"https:\/\/la-boerne.fr\/#website"},"primaryImageOfPage":{"@id":"https:\/\/la-boerne.fr\/armand-charlet\/#primaryimage"},"image":{"@id":"https:\/\/la-boerne.fr\/armand-charlet\/#primaryimage"},"thumbnailUrl":"https:\/\/la-boerne.fr\/wp-content\/uploads\/2024\/02\/Piolet.png","datePublished":"2024-02-26T09:03:58+00:00","dateModified":"2024-07-02T09:25:02+00:00","breadcrumb":{"@id":"https:\/\/la-boerne.fr\/armand-charlet\/#breadcrumb"},"inLanguage":"en-GB","potentialAction":[{"@type":"ReadAction","target":["https:\/\/la-boerne.fr\/armand-charlet\/"]}]},{"@type":"ImageObject","inLanguage":"en-GB","@id":"https:\/\/la-boerne.fr\/armand-charlet\/#primaryimage","url":"https:\/\/la-boerne.fr\/wp-content\/uploads\/2024\/02\/Piolet.png","contentUrl":"https:\/\/la-boerne.fr\/wp-content\/uploads\/2024\/02\/Piolet.png"},{"@type":"BreadcrumbList","@id":"https:\/\/la-boerne.fr\/armand-charlet\/#breadcrumb","itemListElement":[{"@type":"ListItem","position":1,"name":"Accueil","item":"https:\/\/la-boerne.fr\/"},{"@type":"ListItem","position":2,"name":"Armand Charlet"}]},{"@type":"WebSite","@id":"https:\/\/la-boerne.fr\/#website","url":"https:\/\/la-boerne.fr\/","name":"La Boerne - Refuge, Table et Auberge","description":"Tr\u00e9lechamps - Vall\u00e9e de Chamonix","publisher":{"@id":"https:\/\/la-boerne.fr\/#organization"},"potentialAction":[{"@type":"SearchAction","target":{"@type":"EntryPoint","urlTemplate":"https:\/\/la-boerne.fr\/?s={search_term_string}"},"query-input":"required name=search_term_string"}],"inLanguage":"en-GB"},{"@type":"Organization","@id":"https:\/\/la-boerne.fr\/#organization","name":"La Boerne","url":"https:\/\/la-boerne.fr\/","logo":{"@type":"ImageObject","inLanguage":"en-GB","@id":"https:\/\/la-boerne.fr\/#\/schema\/logo\/image\/","url":"https:\/\/la-boerne.fr\/wp-content\/uploads\/2024\/02\/Boerne-Logo-Fixe.svg","contentUrl":"https:\/\/la-boerne.fr\/wp-content\/uploads\/2024\/02\/Boerne-Logo-Fixe.svg","width":446,"height":274,"caption":"La Boerne"},"image":{"@id":"https:\/\/la-boerne.fr\/#\/schema\/logo\/image\/"},"sameAs":["https:\/\/www.facebook.com\/giteaubergelaboerne\/","https:\/\/www.instagram.com\/aubergelaboerne","https:\/\/www.tripadvisor.fr\/Hotel_Review-g1234266-d6876874-Reviews-Auberge_La_Boerne-Argentiere_Chamonix_Haute_Savoie_Auvergne_Rhone_Alpes.html?m=19905"]}]}},"_links":{"self":[{"href":"https:\/\/la-boerne.fr\/en\/wp-json\/wp\/v2\/pages\/679","targetHints":{"allow":["GET"]}}],"collection":[{"href":"https:\/\/la-boerne.fr\/en\/wp-json\/wp\/v2\/pages"}],"about":[{"href":"https:\/\/la-boerne.fr\/en\/wp-json\/wp\/v2\/types\/page"}],"author":[{"embeddable":true,"href":"https:\/\/la-boerne.fr\/en\/wp-json\/wp\/v2\/users\/2"}],"replies":[{"embeddable":true,"href":"https:\/\/la-boerne.fr\/en\/wp-json\/wp\/v2\/comments?post=679"}],"version-history":[{"count":32,"href":"https:\/\/la-boerne.fr\/en\/wp-json\/wp\/v2\/pages\/679\/revisions"}],"predecessor-version":[{"id":1179,"href":"https:\/\/la-boerne.fr\/en\/wp-json\/wp\/v2\/pages\/679\/revisions\/1179"}],"wp:attachment":[{"href":"https:\/\/la-boerne.fr\/en\/wp-json\/wp\/v2\/media?parent=679"}],"curies":[{"name":"wp","href":"https:\/\/api.w.org\/{rel}","templated":true}]}}